{"id":473,"date":"2025-03-20T14:10:04","date_gmt":"2025-03-20T14:10:04","guid":{"rendered":"https:\/\/kovacsbusz.hu\/?page_id=473"},"modified":"2025-04-07T15:33:33","modified_gmt":"2025-04-07T15:33:33","slug":"egyesuletek-dolgozok-szallitasa","status":"publish","type":"page","link":"http:\/\/kovacsbusz.hu\/en_en\/szolgaltatasok\/egyesuletek-dolgozok-szallitasa\/","title":{"rendered":"Transportation of associations and employees"},"content":{"rendered":"<div data-elementor-type=\"wp-page\" data-elementor-id=\"473\" class=\"elementor elementor-473\" data-elementor-post-type=\"page\">\n\t\t\t\t\t\t<section class=\"elementor-section elementor-top-section elementor-element elementor-element-7ecfaf4 elementor-section-boxed elementor-section-height-default elementor-section-height-default\" data-id=\"7ecfaf4\" data-element_type=\"section\" data-e-type=\"section\" data-settings=\"{&quot;background_background&quot;:&quot;classic&quot;}\">\n\t\t\t\t\t\t\t<div class=\"elementor-background-overlay\"><\/div>\n\t\t\t\t\t\t\t<div class=\"elementor-container elementor-column-gap-default\">\n\t\t\t\t\t<div class=\"elementor-column elementor-col-100 elementor-top-column elementor-element elementor-element-7ff255e\" data-id=\"7ff255e\" data-element_type=\"column\" data-e-type=\"column\">\n\t\t\t<div class=\"elementor-widget-wrap elementor-element-populated\">\n\t\t\t\t\t\t<section class=\"elementor-section elementor-inner-section elementor-element elementor-element-c60cb78 elementor-section-boxed elementor-section-height-default elementor-section-height-default\" data-id=\"c60cb78\" data-element_type=\"section\" data-e-type=\"section\">\n\t\t\t\t\t\t<div class=\"elementor-container elementor-column-gap-default\">\n\t\t\t\t\t<div class=\"elementor-column elementor-col-100 elementor-inner-column elementor-element elementor-element-ca4fc6e elementor-invisible\" data-id=\"ca4fc6e\" data-element_type=\"column\" data-e-type=\"column\" data-settings=\"{&quot;animation&quot;:&quot;fadeInUp&quot;}\">\n\t\t\t<div class=\"elementor-widget-wrap elementor-element-populated\">\n\t\t\t\t\t\t<div class=\"elementor-element elementor-element-6ebf64c elementor-widget elementor-widget-heading\" data-id=\"6ebf64c\" data-element_type=\"widget\" data-e-type=\"widget\" data-widget_type=\"heading.default\">\n\t\t\t\t<div class=\"elementor-widget-container\">\n\t\t\t\t\t<h1 class=\"elementor-heading-title elementor-size-default\">Transportation of associations and employees<\/h1>\t\t\t\t<\/div>\n\t\t\t\t<\/div>\n\t\t\t\t\t<\/div>\n\t\t<\/div>\n\t\t\t\t\t<\/div>\n\t\t<\/section>\n\t\t\t\t\t<\/div>\n\t\t<\/div>\n\t\t\t\t\t<\/div>\n\t\t<\/section>\n\t\t\t\t<section class=\"elementor-section elementor-top-section elementor-element elementor-element-44d9146 elementor-section-boxed elementor-section-height-default elementor-section-height-default\" data-id=\"44d9146\" data-element_type=\"section\" data-e-type=\"section\">\n\t\t\t\t\t\t<div class=\"elementor-container elementor-column-gap-default\">\n\t\t\t\t\t<div class=\"elementor-column elementor-col-100 elementor-top-column elementor-element elementor-element-98b6318\" data-id=\"98b6318\" data-element_type=\"column\" data-e-type=\"column\">\n\t\t\t<div class=\"elementor-widget-wrap elementor-element-populated\">\n\t\t\t\t\t\t<section class=\"elementor-section elementor-inner-section elementor-element elementor-element-ba8f32c elementor-section-boxed elementor-section-height-default elementor-section-height-default\" data-id=\"ba8f32c\" data-element_type=\"section\" data-e-type=\"section\">\n\t\t\t\t\t\t<div class=\"elementor-container elementor-column-gap-default\">\n\t\t\t\t\t<div class=\"elementor-column elementor-col-100 elementor-inner-column elementor-element elementor-element-3ffcbc3\" data-id=\"3ffcbc3\" data-element_type=\"column\" data-e-type=\"column\">\n\t\t\t<div class=\"elementor-widget-wrap elementor-element-populated\">\n\t\t\t\t\t\t<div class=\"elementor-element elementor-element-d5ab5ca elementor-widget__width-auto elementor-invisible elementor-widget elementor-widget-heading\" data-id=\"d5ab5ca\" data-element_type=\"widget\" data-e-type=\"widget\" data-settings=\"{&quot;_animation&quot;:&quot;fadeInLeft&quot;}\" data-widget_type=\"heading.default\">\n\t\t\t\t<div class=\"elementor-widget-container\">\n\t\t\t\t\t<h4 class=\"elementor-heading-title elementor-size-default\">KOV\u00c1CSBUSZ<\/h4>\t\t\t\t<\/div>\n\t\t\t\t<\/div>\n\t\t\t\t<div class=\"elementor-element elementor-element-208d219 elementor-invisible elementor-widget elementor-widget-heading\" data-id=\"208d219\" data-element_type=\"widget\" data-e-type=\"widget\" data-settings=\"{&quot;_animation&quot;:&quot;fadeInUp&quot;}\" data-widget_type=\"heading.default\">\n\t\t\t\t<div class=\"elementor-widget-container\">\n\t\t\t\t\t<h2 class=\"elementor-heading-title elementor-size-default\">Transportation of associations and employees<\/h2>\t\t\t\t<\/div>\n\t\t\t\t<\/div>\n\t\t\t\t<div class=\"elementor-element elementor-element-c993a85 elementor-widget elementor-widget-text-editor\" data-id=\"c993a85\" data-element_type=\"widget\" data-e-type=\"widget\" data-widget_type=\"text-editor.default\">\n\t\t\t\t<div class=\"elementor-widget-container\">\n\t\t\t\t\t\t\t\t\t<p>We have established close cooperation and good\nrelationships with several multinational companies in Vas County. As a result, for years our services have included the transportation of workers by ordering\nour bus and minibus rental service.<\/p><p>Employee transportation is available with our 14, 18, 33 and 50-seat buses, so we can provide workplace transportation for employees of both small and large companies in Szombathely and Vas county.<\/p><p>We know that not only are good working conditions important for employees, but fast and comfortable commuting to and from work is also part of their everyday lives. Our drivers strive for precise, accurate and fast transportation between workplace and\nresidence.<\/p><p>In the event of any technical faults that may arise, we also provide a backup bus to avoid\ninconvenience.<\/p>\t\t\t\t\t\t\t\t<\/div>\n\t\t\t\t<\/div>\n\t\t\t\t<div class=\"elementor-element elementor-element-44e1118 elementor-align-left elementor-widget elementor-widget-button\" data-id=\"44e1118\" data-element_type=\"widget\" data-e-type=\"widget\" data-widget_type=\"button.default\">\n\t\t\t\t<div class=\"elementor-widget-container\">\n\t\t\t\t\t\t\t\t\t<div class=\"elementor-button-wrapper\">\n\t\t\t\t\t<a class=\"elementor-button elementor-button-link elementor-size-sm\" href=\"\/en_en\/ajanlatkeres\/\">\n\t\t\t\t\t\t<span class=\"elementor-button-content-wrapper\">\n\t\t\t\t\t\t\t\t\t<span class=\"elementor-button-text\">Get a quote<\/span>\n\t\t\t\t\t<\/span>\n\t\t\t\t\t<\/a>\n\t\t\t\t<\/div>\n\t\t\t\t\t\t\t\t<\/div>\n\t\t\t\t<\/div>\n\t\t\t\t\t<\/div>\n\t\t<\/div>\n\t\t\t\t\t<\/div>\n\t\t<\/section>\n\t\t\t\t\t<\/div>\n\t\t<\/div>\n\t\t\t\t\t<\/div>\n\t\t<\/section>\n\t\t\t\t<section class=\"elementor-section elementor-top-section elementor-element elementor-element-1f40cf6 elementor-section-boxed elementor-section-height-default elementor-section-height-default\" data-id=\"1f40cf6\" data-element_type=\"section\" data-e-type=\"section\">\n\t\t\t\t\t\t<div class=\"elementor-container elementor-column-gap-default\">\n\t\t\t\t\t<div class=\"elementor-column elementor-col-100 elementor-top-column elementor-element elementor-element-c5446c6\" data-id=\"c5446c6\" data-element_type=\"column\" data-e-type=\"column\">\n\t\t\t<div class=\"elementor-widget-wrap elementor-element-populated\">\n\t\t\t\t\t\t<section class=\"elementor-section elementor-inner-section elementor-element elementor-element-0ec61fa elementor-section-boxed elementor-section-height-default elementor-section-height-default\" data-id=\"0ec61fa\" data-element_type=\"section\" data-e-type=\"section\">\n\t\t\t\t\t\t<div class=\"elementor-container elementor-column-gap-default\">\n\t\t\t\t\t<div class=\"elementor-column elementor-col-100 elementor-inner-column elementor-element elementor-element-453d371\" data-id=\"453d371\" data-element_type=\"column\" data-e-type=\"column\">\n\t\t\t<div class=\"elementor-widget-wrap elementor-element-populated\">\n\t\t\t\t\t\t<div class=\"elementor-element elementor-element-d76a8d3 elementor-widget__width-auto elementor-invisible elementor-widget elementor-widget-heading\" data-id=\"d76a8d3\" data-element_type=\"widget\" data-e-type=\"widget\" data-settings=\"{&quot;_animation&quot;:&quot;fadeInLeft&quot;}\" data-widget_type=\"heading.default\">\n\t\t\t\t<div class=\"elementor-widget-container\">\n\t\t\t\t\t<h4 class=\"elementor-heading-title elementor-size-default\">KOV\u00c1CSBUSZ<\/h4>\t\t\t\t<\/div>\n\t\t\t\t<\/div>\n\t\t\t\t<div class=\"elementor-element elementor-element-285e0d7 elementor-invisible elementor-widget elementor-widget-heading\" data-id=\"285e0d7\" data-element_type=\"widget\" data-e-type=\"widget\" data-settings=\"{&quot;_animation&quot;:&quot;fadeInUp&quot;}\" data-widget_type=\"heading.default\">\n\t\t\t\t<div class=\"elementor-widget-container\">\n\t\t\t\t\t<h2 class=\"elementor-heading-title elementor-size-default\">Our services<\/h2>\t\t\t\t<\/div>\n\t\t\t\t<\/div>\n\t\t\t\t\t<\/div>\n\t\t<\/div>\n\t\t\t\t\t<\/div>\n\t\t<\/section>\n\t\t\t\t<div class=\"elementor-element elementor-element-7a75f70 elementor-widget elementor-widget-template\" data-id=\"7a75f70\" data-element_type=\"widget\" data-e-type=\"widget\" data-widget_type=\"template.default\">\n\t\t\t\t<div class=\"elementor-widget-container\">\n\t\t\t\t\t\t\t<div class=\"elementor-template\">\n\t\t\t\t\t<div data-elementor-type=\"section\" data-elementor-id=\"422\" class=\"elementor elementor-422\" data-elementor-post-type=\"elementor_library\">\n\t\t\t<div class=\"elementor-element elementor-element-413a898 e-con-full e-grid e-con e-parent\" data-id=\"413a898\" data-element_type=\"container\" data-e-type=\"container\">\n\t\t<a class=\"elementor-element elementor-element-8803ec5 e-con-full e-flex elementor-invisible e-con e-child\" data-id=\"8803ec5\" data-element_type=\"container\" data-e-type=\"container\" data-settings=\"{&quot;animation&quot;:&quot;fadeInUp&quot;,&quot;animation_delay&quot;:360}\" href=\"\/en_en\/szolgaltatasok\/repteri-transzfer\/\">\n\t\t\t\t<div class=\"elementor-element elementor-element-ce42780 elementor-position-inline-start elementor-mobile-position-inline-start elementor-tablet-position-block-start custom-icon-box elementor-view-default elementor-widget elementor-widget-icon-box\" data-id=\"ce42780\" data-element_type=\"widget\" data-e-type=\"widget\" data-widget_type=\"icon-box.default\">\n\t\t\t\t<div class=\"elementor-widget-container\">\n\t\t\t\t\t\t\t<div class=\"elementor-icon-box-wrapper\">\n\n\t\t\t\t\t\t<div class=\"elementor-icon-box-icon\">\n\t\t\t\t<span  class=\"elementor-icon\">\n\t\t\t\t<i aria-hidden=\"true\" class=\"mdi mdi-airplane-takeoff\"><\/i>\t\t\t\t<\/span>\n\t\t\t<\/div>\n\t\t\t\n\t\t\t\t\t\t<div class=\"elementor-icon-box-content\">\n\n\t\t\t\t\t\t\t\t\t<h3 class=\"elementor-icon-box-title\">\n\t\t\t\t\t\t<span  >\n\t\t\t\t\t\t\tAirport transfer\t\t\t\t\t\t<\/span>\n\t\t\t\t\t<\/h3>\n\t\t\t\t\n\t\t\t\t\t\t\t\t\t<p class=\"elementor-icon-box-description\">\n\t\t\t\t\t\tWith our convenient and punctual airport transfer service, you can arrive at your desired airport stress-free.\t\t\t\t\t<\/p>\n\t\t\t\t\n\t\t\t<\/div>\n\t\t\t\n\t\t<\/div>\n\t\t\t\t\t\t<\/div>\n\t\t\t\t<\/div>\n\t\t\t\t<\/a>\n\t\t<a class=\"elementor-element elementor-element-4faafc1 e-con-full e-flex elementor-invisible e-con e-child\" data-id=\"4faafc1\" data-element_type=\"container\" data-e-type=\"container\" data-settings=\"{&quot;animation&quot;:&quot;fadeInUp&quot;,&quot;animation_delay&quot;:360}\" href=\"\/en_en\/szolgaltatasok\/autobuszos-varosnezes\/\">\n\t\t\t\t<div class=\"elementor-element elementor-element-7640d7e elementor-position-inline-start elementor-mobile-position-inline-start elementor-tablet-position-block-start custom-icon-box elementor-view-default elementor-widget elementor-widget-icon-box\" data-id=\"7640d7e\" data-element_type=\"widget\" data-e-type=\"widget\" data-widget_type=\"icon-box.default\">\n\t\t\t\t<div class=\"elementor-widget-container\">\n\t\t\t\t\t\t\t<div class=\"elementor-icon-box-wrapper\">\n\n\t\t\t\t\t\t<div class=\"elementor-icon-box-icon\">\n\t\t\t\t<span  class=\"elementor-icon\">\n\t\t\t\t<i aria-hidden=\"true\" class=\"mdi mdi-bus-marker\"><\/i>\t\t\t\t<\/span>\n\t\t\t<\/div>\n\t\t\t\n\t\t\t\t\t\t<div class=\"elementor-icon-box-content\">\n\n\t\t\t\t\t\t\t\t\t<h3 class=\"elementor-icon-box-title\">\n\t\t\t\t\t\t<span  >\n\t\t\t\t\t\t\tCity tour by bus\t\t\t\t\t\t<\/span>\n\t\t\t\t\t<\/h3>\n\t\t\t\t\n\t\t\t\t\t\t\t\t\t<p class=\"elementor-icon-box-description\">\n\t\t\t\t\t\tDiscover the sights of Europe and Hungary with our pre-planned bus tours.\t\t\t\t\t<\/p>\n\t\t\t\t\n\t\t\t<\/div>\n\t\t\t\n\t\t<\/div>\n\t\t\t\t\t\t<\/div>\n\t\t\t\t<\/div>\n\t\t\t\t<\/a>\n\t\t<a class=\"elementor-element elementor-element-6eee30a e-con-full e-flex elementor-invisible e-con e-child\" data-id=\"6eee30a\" data-element_type=\"container\" data-e-type=\"container\" data-settings=\"{&quot;animation&quot;:&quot;fadeInUp&quot;,&quot;animation_delay&quot;:360}\" href=\"\/en_en\/szolgaltatasok\/korutazas\/\">\n\t\t\t\t<div class=\"elementor-element elementor-element-71bffad elementor-position-inline-start elementor-mobile-position-inline-start elementor-tablet-position-block-start custom-icon-box elementor-view-default elementor-widget elementor-widget-icon-box\" data-id=\"71bffad\" data-element_type=\"widget\" data-e-type=\"widget\" data-widget_type=\"icon-box.default\">\n\t\t\t\t<div class=\"elementor-widget-container\">\n\t\t\t\t\t\t\t<div class=\"elementor-icon-box-wrapper\">\n\n\t\t\t\t\t\t<div class=\"elementor-icon-box-icon\">\n\t\t\t\t<span  class=\"elementor-icon\">\n\t\t\t\t<i aria-hidden=\"true\" class=\"mdi mdi-bus-stop\"><\/i>\t\t\t\t<\/span>\n\t\t\t<\/div>\n\t\t\t\n\t\t\t\t\t\t<div class=\"elementor-icon-box-content\">\n\n\t\t\t\t\t\t\t\t\t<h3 class=\"elementor-icon-box-title\">\n\t\t\t\t\t\t<span  >\n\t\t\t\t\t\t\tRound trip\t\t\t\t\t\t<\/span>\n\t\t\t\t\t<\/h3>\n\t\t\t\t\n\t\t\t\t\t\t\t\t\t<p class=\"elementor-icon-box-description\">\n\t\t\t\t\t\tDiscover the stunning cities and landscapes of Europe on our comfortable, multi-stop cruises.\t\t\t\t\t<\/p>\n\t\t\t\t\n\t\t\t<\/div>\n\t\t\t\n\t\t<\/div>\n\t\t\t\t\t\t<\/div>\n\t\t\t\t<\/div>\n\t\t\t\t<\/a>\n\t\t<a class=\"elementor-element elementor-element-701e1ed e-con-full e-flex elementor-invisible e-con e-child\" data-id=\"701e1ed\" data-element_type=\"container\" data-e-type=\"container\" data-settings=\"{&quot;animation&quot;:&quot;fadeInUp&quot;,&quot;animation_delay&quot;:360}\" href=\"\/en_en\/szolgaltatasok\/siutak\/\">\n\t\t\t\t<div class=\"elementor-element elementor-element-e1a41dc elementor-position-inline-start elementor-mobile-position-inline-start elementor-tablet-position-block-start custom-icon-box elementor-view-default elementor-widget elementor-widget-icon-box\" data-id=\"e1a41dc\" data-element_type=\"widget\" data-e-type=\"widget\" data-widget_type=\"icon-box.default\">\n\t\t\t\t<div class=\"elementor-widget-container\">\n\t\t\t\t\t\t\t<div class=\"elementor-icon-box-wrapper\">\n\n\t\t\t\t\t\t<div class=\"elementor-icon-box-icon\">\n\t\t\t\t<span  class=\"elementor-icon\">\n\t\t\t\t<svg aria-hidden=\"true\" class=\"e-font-icon-svg e-fas-skiing\" viewbox=\"0 0 512 512\" xmlns=\"http:\/\/www.w3.org\/2000\/svg\"><path d=\"M432 96c26.5 0 48-21.5 48-48S458.5 0 432 0s-48 21.5-48 48 21.5 48 48 48zm73 356.1c-9.4-9.4-24.6-9.4-33.9 0-12.1 12.1-30.5 15.4-45.1 8.7l-135.8-70.2 49.2-73.8c12.7-19 10.2-44.5-6-60.6L293 215.7l-107-53.1c-2.9 19.9 3.4 40 17.7 54.4l75.1 75.2-45.9 68.8L35 258.7c-11.7-6-26.2-1.5-32.3 10.3-6.1 11.8-1.5 26.3 10.3 32.3l391.9 202.5c11.9 5.5 24.5 8.1 37.1 8.1 23.2 0 46-9 63-26 9.3-9.3 9.3-24.5 0-33.8zM120 91.6l-11.5 22.5c14.4 7.3 31.2 4.9 42.8-4.8l47.2 23.4c-.1.1-.1.2-.2.3l114.5 56.8 32.4-13 6.4 19.1c4 12.1 12.6 22 24 27.7l58.1 29c15.9 7.9 35 1.5 42.9-14.3 7.9-15.8 1.5-35-14.3-42.9l-52.1-26.1-17.1-51.2c-8.1-24.2-40.9-56.6-84.5-39.2l-81.2 32.5-62.5-31c.3-14.5-7.2-28.6-20.9-35.6l-11.1 21.7h-.2l-34.4-7c-1.8-.4-3.7.2-5 1.7-1.9 2.2-1.7 5.5.5 7.4l26.2 23z\"><\/path><\/svg>\t\t\t\t<\/span>\n\t\t\t<\/div>\n\t\t\t\n\t\t\t\t\t\t<div class=\"elementor-icon-box-content\">\n\n\t\t\t\t\t\t\t\t\t<h3 class=\"elementor-icon-box-title\">\n\t\t\t\t\t\t<span  >\n\t\t\t\t\t\t\tSki trails\t\t\t\t\t\t<\/span>\n\t\t\t\t\t<\/h3>\n\t\t\t\t\n\t\t\t\t\t\t\t\t\t<p class=\"elementor-icon-box-description\">\n\t\t\t\t\t\tWe take skiers to the most popular winter destinations with safe and comfortable bus travel.\t\t\t\t\t<\/p>\n\t\t\t\t\n\t\t\t<\/div>\n\t\t\t\n\t\t<\/div>\n\t\t\t\t\t\t<\/div>\n\t\t\t\t<\/div>\n\t\t\t\t<\/a>\n\t\t<a class=\"elementor-element elementor-element-c07cd4a e-con-full e-flex elementor-invisible e-con e-child\" data-id=\"c07cd4a\" data-element_type=\"container\" data-e-type=\"container\" data-settings=\"{&quot;animation&quot;:&quot;fadeInUp&quot;,&quot;animation_delay&quot;:360}\" href=\"\/en_en\/szolgaltatasok\/egyedi-kirandulasok\/\">\n\t\t\t\t<div class=\"elementor-element elementor-element-66b54a8 elementor-position-inline-start elementor-mobile-position-inline-start elementor-tablet-position-block-start custom-icon-box elementor-view-default elementor-widget elementor-widget-icon-box\" data-id=\"66b54a8\" data-element_type=\"widget\" data-e-type=\"widget\" data-widget_type=\"icon-box.default\">\n\t\t\t\t<div class=\"elementor-widget-container\">\n\t\t\t\t\t\t\t<div class=\"elementor-icon-box-wrapper\">\n\n\t\t\t\t\t\t<div class=\"elementor-icon-box-icon\">\n\t\t\t\t<span  class=\"elementor-icon\">\n\t\t\t\t<i aria-hidden=\"true\" class=\"mdi mdi-account-group\"><\/i>\t\t\t\t<\/span>\n\t\t\t<\/div>\n\t\t\t\n\t\t\t\t\t\t<div class=\"elementor-icon-box-content\">\n\n\t\t\t\t\t\t\t\t\t<h3 class=\"elementor-icon-box-title\">\n\t\t\t\t\t\t<span  >\n\t\t\t\t\t\t\tIndividual trips\t\t\t\t\t\t<\/span>\n\t\t\t\t\t<\/h3>\n\t\t\t\t\n\t\t\t\t\t\t\t\t\t<p class=\"elementor-icon-box-description\">\n\t\t\t\t\t\tWe provide a personalized and comfortable travel experience with our flexible and unique bus rental options.\t\t\t\t\t<\/p>\n\t\t\t\t\n\t\t\t<\/div>\n\t\t\t\n\t\t<\/div>\n\t\t\t\t\t\t<\/div>\n\t\t\t\t<\/div>\n\t\t\t\t<\/a>\n\t\t<a class=\"elementor-element elementor-element-912b3c6 e-con-full e-flex elementor-invisible e-con e-child\" data-id=\"912b3c6\" data-element_type=\"container\" data-e-type=\"container\" data-settings=\"{&quot;animation&quot;:&quot;fadeInUp&quot;,&quot;animation_delay&quot;:360}\" href=\"\/en_en\/szolgaltatasok\/egyesuletek-dolgozok-szallitasa\/\">\n\t\t\t\t<div class=\"elementor-element elementor-element-f961ca1 elementor-position-inline-start elementor-mobile-position-inline-start elementor-tablet-position-block-start custom-icon-box elementor-view-default elementor-widget elementor-widget-icon-box\" data-id=\"f961ca1\" data-element_type=\"widget\" data-e-type=\"widget\" data-widget_type=\"icon-box.default\">\n\t\t\t\t<div class=\"elementor-widget-container\">\n\t\t\t\t\t\t\t<div class=\"elementor-icon-box-wrapper\">\n\n\t\t\t\t\t\t<div class=\"elementor-icon-box-icon\">\n\t\t\t\t<span  class=\"elementor-icon\">\n\t\t\t\t<svg aria-hidden=\"true\" class=\"e-font-icon-svg e-fas-user-friends\" viewbox=\"0 0 640 512\" xmlns=\"http:\/\/www.w3.org\/2000\/svg\"><path d=\"M192 256c61.9 0 112-50.1 112-112S253.9 32 192 32 80 82.1 80 144s50.1 112 112 112zm76.8 32h-8.3c-20.8 10-43.9 16-68.5 16s-47.6-6-68.5-16h-8.3C51.6 288 0 339.6 0 403.2V432c0 26.5 21.5 48 48 48h288c26.5 0 48-21.5 48-48v-28.8c0-63.6-51.6-115.2-115.2-115.2zM480 256c53 0 96-43 96-96s-43-96-96-96-96 43-96 96 43 96 96 96zm48 32h-3.8c-13.9 4.8-28.6 8-44.2 8s-30.3-3.2-44.2-8H432c-20.4 0-39.2 5.9-55.7 15.4 24.4 26.3 39.7 61.2 39.7 99.8v38.4c0 2.2-.5 4.3-.6 6.4H592c26.5 0 48-21.5 48-48 0-61.9-50.1-112-112-112z\"><\/path><\/svg>\t\t\t\t<\/span>\n\t\t\t<\/div>\n\t\t\t\n\t\t\t\t\t\t<div class=\"elementor-icon-box-content\">\n\n\t\t\t\t\t\t\t\t\t<h3 class=\"elementor-icon-box-title\">\n\t\t\t\t\t\t<span  >\n\t\t\t\t\t\t\tTransportation of associations and employees\t\t\t\t\t\t<\/span>\n\t\t\t\t\t<\/h3>\n\t\t\t\t\n\t\t\t\t\t\t\t\t\t<p class=\"elementor-icon-box-description\">\n\t\t\t\t\t\tWe offer reliable and flexible transportation solutions for associations and employees.\t\t\t\t\t<\/p>\n\t\t\t\t\n\t\t\t<\/div>\n\t\t\t\n\t\t<\/div>\n\t\t\t\t\t\t<\/div>\n\t\t\t\t<\/div>\n\t\t\t\t<\/a>\n\t\t\t\t<\/div>\n\t\t\t\t<\/div>\n\t\t\t\t<\/div>\n\t\t\t\t\t\t<\/div>\n\t\t\t\t<\/div>\n\t\t\t\t<div class=\"elementor-element elementor-element-680f867 elementor-align-left elementor-widget elementor-widget-button\" data-id=\"680f867\" data-element_type=\"widget\" data-e-type=\"widget\" data-widget_type=\"button.default\">\n\t\t\t\t<div class=\"elementor-widget-container\">\n\t\t\t\t\t\t\t\t\t<div class=\"elementor-button-wrapper\">\n\t\t\t\t\t<a class=\"elementor-button elementor-button-link elementor-size-sm\" href=\"\/en_en\/ajanlatkeres\/\">\n\t\t\t\t\t\t<span class=\"elementor-button-content-wrapper\">\n\t\t\t\t\t\t\t\t\t<span class=\"elementor-button-text\">Get a quote<\/span>\n\t\t\t\t\t<\/span>\n\t\t\t\t\t<\/a>\n\t\t\t\t<\/div>\n\t\t\t\t\t\t\t\t<\/div>\n\t\t\t\t<\/div>\n\t\t\t\t\t<\/div>\n\t\t<\/div>\n\t\t\t\t\t<\/div>\n\t\t<\/section>\n\t\t\t\t<\/div>","protected":false},"excerpt":{"rendered":"<p>Egyes\u00fcletek, dolgoz\u00f3k sz\u00e1ll\u00edt\u00e1sa KOV\u00c1CSBUSZ Egyes\u00fcletek, dolgoz\u00f3k sz\u00e1ll\u00edt\u00e1sa Vas v\u00e1rmegye ter\u00fclet\u00e9n t\u00f6bb multinacion\u00e1lis c\u00e9ggel alak\u00edtottunk ki szoros egy\u00fcttm\u0171k\u00f6d\u00e9st, j\u00f3 kapcsolatot. Ennek eredm\u00e9nye, hogy \u00e9vek \u00f3ta szolg\u00e1ltat\u00e1saink k\u00f6r\u00e9be tartozik a dolgoz\u00f3k sz\u00e1ll\u00edt\u00e1sa nagybusz, kisbusz b\u00e9rl\u00e9s szolg\u00e1ltat\u00e1sunk megrendel\u00e9s\u00e9vel. A munkat\u00e1rsak sz\u00e1ll\u00edt\u00e1sa 14, 18, 33 \u00e9s 50 f\u00e9r\u0151helyes buszainkkal is ig\u00e9nybe vehet\u0151, \u00edgy a kisebb \u00e9s nagyobb c\u00e9gek dolgoz\u00f3inak &#8230; <a title=\"Transportation of associations and employees\" class=\"read-more\" href=\"http:\/\/kovacsbusz.hu\/en_en\/szolgaltatasok\/egyesuletek-dolgozok-szallitasa\/\" aria-label=\"Read more about Egyes\u00fcletek, dolgoz\u00f3k sz\u00e1ll\u00edt\u00e1sa\">Read more<\/a><\/p>","protected":false},"author":1,"featured_media":0,"parent":107,"menu_order":0,"comment_status":"closed","ping_status":"closed","template":"","meta":{"footnotes":""},"class_list":["post-473","page","type-page","status-publish"],"_links":{"self":[{"href":"http:\/\/kovacsbusz.hu\/en_en\/wp-json\/wp\/v2\/pages\/473","targetHints":{"allow":["GET"]}}],"collection":[{"href":"http:\/\/kovacsbusz.hu\/en_en\/wp-json\/wp\/v2\/pages"}],"about":[{"href":"http:\/\/kovacsbusz.hu\/en_en\/wp-json\/wp\/v2\/types\/page"}],"author":[{"embeddable":true,"href":"http:\/\/kovacsbusz.hu\/en_en\/wp-json\/wp\/v2\/users\/1"}],"replies":[{"embeddable":true,"href":"http:\/\/kovacsbusz.hu\/en_en\/wp-json\/wp\/v2\/comments?post=473"}],"version-history":[{"count":0,"href":"http:\/\/kovacsbusz.hu\/en_en\/wp-json\/wp\/v2\/pages\/473\/revisions"}],"up":[{"embeddable":true,"href":"http:\/\/kovacsbusz.hu\/en_en\/wp-json\/wp\/v2\/pages\/107"}],"wp:attachment":[{"href":"http:\/\/kovacsbusz.hu\/en_en\/wp-json\/wp\/v2\/media?parent=473"}],"curies":[{"name":"wp","href":"https:\/\/api.w.org\/{rel}","templated":true}]}}