{"id":616,"date":"2026-03-16T10:22:41","date_gmt":"2026-03-16T09:22:41","guid":{"rendered":"https:\/\/kovacsbusz.hu\/?page_id=616"},"modified":"2026-03-16T10:24:17","modified_gmt":"2026-03-16T09:24:17","slug":"sajtokozlemeny","status":"publish","type":"page","link":"http:\/\/kovacsbusz.hu\/en_en\/sajtokozlemeny\/","title":{"rendered":"Sajt\u00f3k\u00f6zlem\u00e9ny"},"content":{"rendered":"<div data-elementor-type=\"wp-page\" data-elementor-id=\"616\" class=\"elementor elementor-616\" data-elementor-post-type=\"page\">\n\t\t\t\t\t\t<section class=\"elementor-section elementor-top-section elementor-element elementor-element-8ed2905 elementor-section-boxed elementor-section-height-default elementor-section-height-default\" data-id=\"8ed2905\" data-element_type=\"section\" data-e-type=\"section\" data-settings=\"{&quot;background_background&quot;:&quot;classic&quot;}\">\n\t\t\t\t\t\t\t<div class=\"elementor-background-overlay\"><\/div>\n\t\t\t\t\t\t\t<div class=\"elementor-container elementor-column-gap-default\">\n\t\t\t\t\t<div class=\"elementor-column elementor-col-100 elementor-top-column elementor-element elementor-element-70eae67\" data-id=\"70eae67\" data-element_type=\"column\" data-e-type=\"column\">\n\t\t\t<div class=\"elementor-widget-wrap elementor-element-populated\">\n\t\t\t\t\t\t<section class=\"elementor-section elementor-inner-section elementor-element elementor-element-3eb76ec elementor-section-boxed elementor-section-height-default elementor-section-height-default\" data-id=\"3eb76ec\" data-element_type=\"section\" data-e-type=\"section\">\n\t\t\t\t\t\t<div class=\"elementor-container elementor-column-gap-default\">\n\t\t\t\t\t<div class=\"elementor-column elementor-col-100 elementor-inner-column elementor-element elementor-element-06ee227 elementor-invisible\" data-id=\"06ee227\" data-element_type=\"column\" data-e-type=\"column\" data-settings=\"{&quot;animation&quot;:&quot;fadeInUp&quot;}\">\n\t\t\t<div class=\"elementor-widget-wrap elementor-element-populated\">\n\t\t\t\t\t\t<div class=\"elementor-element elementor-element-565d350 elementor-widget elementor-widget-heading\" data-id=\"565d350\" data-element_type=\"widget\" data-e-type=\"widget\" data-widget_type=\"heading.default\">\n\t\t\t\t<div class=\"elementor-widget-container\">\n\t\t\t\t\t<h1 class=\"elementor-heading-title elementor-size-default\">Sajt\u00f3k\u00f6zlem\u00e9ny<\/h1>\t\t\t\t<\/div>\n\t\t\t\t<\/div>\n\t\t\t\t\t<\/div>\n\t\t<\/div>\n\t\t\t\t\t<\/div>\n\t\t<\/section>\n\t\t\t\t\t<\/div>\n\t\t<\/div>\n\t\t\t\t\t<\/div>\n\t\t<\/section>\n\t\t\t\t<section class=\"elementor-section elementor-top-section elementor-element elementor-element-ee5c521 elementor-section-boxed elementor-section-height-default elementor-section-height-default\" data-id=\"ee5c521\" data-element_type=\"section\" data-e-type=\"section\">\n\t\t\t\t\t\t<div class=\"elementor-container elementor-column-gap-default\">\n\t\t\t\t\t<div class=\"elementor-column elementor-col-100 elementor-top-column elementor-element elementor-element-8950a90\" data-id=\"8950a90\" data-element_type=\"column\" data-e-type=\"column\">\n\t\t\t<div class=\"elementor-widget-wrap elementor-element-populated\">\n\t\t\t\t\t\t<section class=\"elementor-section elementor-inner-section elementor-element elementor-element-14f376f elementor-section-boxed elementor-section-height-default elementor-section-height-default\" data-id=\"14f376f\" data-element_type=\"section\" data-e-type=\"section\">\n\t\t\t\t\t\t<div class=\"elementor-container elementor-column-gap-default\">\n\t\t\t\t\t<div class=\"elementor-column elementor-col-100 elementor-inner-column elementor-element elementor-element-2daa3c4\" data-id=\"2daa3c4\" data-element_type=\"column\" data-e-type=\"column\">\n\t\t\t<div class=\"elementor-widget-wrap elementor-element-populated\">\n\t\t\t\t\t\t<div class=\"elementor-element elementor-element-a47a631 elementor-widget__width-auto elementor-invisible elementor-widget elementor-widget-heading\" data-id=\"a47a631\" data-element_type=\"widget\" data-e-type=\"widget\" data-settings=\"{&quot;_animation&quot;:&quot;fadeInLeft&quot;}\" data-widget_type=\"heading.default\">\n\t\t\t\t<div class=\"elementor-widget-container\">\n\t\t\t\t\t<h4 class=\"elementor-heading-title elementor-size-default\">PRESS RELEASE<\/h4>\t\t\t\t<\/div>\n\t\t\t\t<\/div>\n\t\t\t\t<div class=\"elementor-element elementor-element-856a1a5 elementor-invisible elementor-widget elementor-widget-heading\" data-id=\"856a1a5\" data-element_type=\"widget\" data-e-type=\"widget\" data-settings=\"{&quot;_animation&quot;:&quot;fadeInUp&quot;}\" data-widget_type=\"heading.default\">\n\t\t\t\t<div class=\"elementor-widget-container\">\n\t\t\t\t\t<h2 class=\"elementor-heading-title elementor-size-default\">Implementation of energy development at the premises of G\u00e1bor Kov\u00e1cs, a private entrepreneur<\/h2>\t\t\t\t<\/div>\n\t\t\t\t<\/div>\n\t\t\t\t<div class=\"elementor-element elementor-element-a9036a8 elementor-widget-tablet__width-inherit elementor-widget elementor-widget-text-editor\" data-id=\"a9036a8\" data-element_type=\"widget\" data-e-type=\"widget\" data-widget_type=\"text-editor.default\">\n\t\t\t\t<div class=\"elementor-widget-container\">\n\t\t\t\t\t\t\t\t\t<p>With the help of European Union funds, energy development was implemented at the Szombathely site of G\u00e1bor Kov\u00e1cs Egy\u00e9ni V\u00e1llalkoz\u00f3, within the framework of the GINOP-4.1.4-19-2020-03045 application. The project submitted to the GINOP-4.1.4-19 call for applications entitled Support for building energy developments aimed at the use of renewable energy and increasing energy efficiency within the framework of the Sz\u00e9chenyi 2020 program received a non-refundable European Union grant of 1.79 million HUF.<\/p>\t\t\t\t\t\t\t\t<\/div>\n\t\t\t\t<\/div>\n\t\t\t\t<div class=\"elementor-element elementor-element-ab2a830 elementor-widget elementor-widget-text-editor\" data-id=\"ab2a830\" data-element_type=\"widget\" data-e-type=\"widget\" data-widget_type=\"text-editor.default\">\n\t\t\t\t<div class=\"elementor-widget-container\">\n\t\t\t\t\t\t\t\t\t<p>The main profile of the enterprise from the beginning and also the activity to be developed indicated in the support application is other land passenger transport Mns registered under 49.39 TE\u00c1OR. In the initial period, one bus was in service, then in 2001 a 15-seater bus was purchased, after which the fleet was expanded with a 35-seater bus in 2003. The following year, 50-seater and 18-seater buses were purchased. In 2008, the enterprise moved to a rented premises in Szombathely, V\u00edz\u00f6nt\u0151 Street, and by 2010, 7 buses and 7 employees were working for the enterprise. Today, with a staff of 16, 12 buses are continuously in service, for partners such as MAM Hung\u00e1ria Kft., Kromberg&amp;Schubert Kft. or Schott Hungary Kft.<\/p><p class=\"translation-block\"><strong>Name of the beneficiary:<\/strong> G\u00e1bor Kov\u00e1cs, Individual Entrepreneur <br><strong>Title of the project:<\/strong> Implementation of energy development at the premises of G\u00e1bor Kov\u00e1cs, individual entrepreneur<br><strong>Location of implementation:<\/strong> 9700 Szombathely, \u00c1tk\u00f6t\u0151 utca 2. 092\/66 hrsz. <br><strong>Time of implementation of the investment:<\/strong> 2020.10.18-2021.08.02.<br><strong>Total investment cost:<\/strong> 3,250,000 HUF <br><strong>Amount of awarded, contracted support:<\/strong> 1,787,500 HUF<br><strong>Support rate:<\/strong> 55 %<\/p><p><strong>Brief introduction to the investment:<\/strong><\/p><p>The purpose of the development was the energy development of the premises of G\u00e1bor Kov\u00e1cs Individual Entrepreneur. The following activities were implemented within the framework of the investment:<\/p><p>-Installation of a solar panel system with a capacity of 8.25 kWp. Type and quantity of solar panels to be installed: <br \/>-Canadian Solar 375W \u2013 22 pcs<\/p><p>Type and quantity of inverters for the system to be installed:<\/p><p>-Inverter SolarEdge SE9K <br \/>-1 pc The project was implemented with funding from the European Union.<\/p><p><strong>Further information is available at:<\/strong><\/p><p><a href=\"mailto:info@kovacsbusz.hu\">info@kovacsbusz.hu<\/a> <br \/><a href=\"tel:+36302770512\">+36 30\/277-0512<\/a><\/p>\t\t\t\t\t\t\t\t<\/div>\n\t\t\t\t<\/div>\n\t\t\t\t\t<\/div>\n\t\t<\/div>\n\t\t\t\t\t<\/div>\n\t\t<\/section>\n\t\t\t\t\t<\/div>\n\t\t<\/div>\n\t\t\t\t\t<\/div>\n\t\t<\/section>\n\t\t\t\t<\/div>","protected":false},"excerpt":{"rendered":"<p>SAJT\u00d3K\u00d6ZLEM\u00c9NY Energetikai fejleszt\u00e9s megval\u00f3s\u00edt\u00e1sa kov\u00e1cs g\u00e1bor egy\u00e9ni v\u00e1llalkoz\u00f3 telephely\u00e9n Eur\u00f3pai uni\u00f3s forr\u00e1s seg\u00edts\u00e9g\u00e9vel energetikai fejleszt\u00e9s megval\u00f3s\u00edt\u00e1s\u00e1ra ker\u00fclt sor Kov\u00e1cs G\u00e1bor Egy\u00e9ni V\u00e1llalkoz\u00f3 szombathelyi telephely\u00e9n, a GINOP-4.1.4-19-2020-03045 p\u00e1ly\u00e1zat keret\u00e9n bel\u00fcl. A Sz\u00e9chenyi 2020 program keret\u00e9ben a GINOP-4.1.4-19 Meg\u00fajul\u00f3 energia haszn\u00e1lat\u00e1t, energiahat\u00e9konys\u00e1g n\u00f6vel\u00e9s\u00e9t c\u00e9lz\u00f3 \u00e9p\u00fcletenergetikai fejleszt\u00e9sek t\u00e1mogat\u00e1sa c\u00edm\u0171 p\u00e1ly\u00e1zati ki\u00edr\u00e1s\u00e1ra beny\u00fajtott projekt 1,79 milli\u00f3 forint vissza nem &#8230; <a title=\"Sajt\u00f3k\u00f6zlem\u00e9ny\" class=\"read-more\" href=\"http:\/\/kovacsbusz.hu\/en_en\/sajtokozlemeny\/\" aria-label=\"Read more about Sajt\u00f3k\u00f6zlem\u00e9ny\">Read more<\/a><\/p>","protected":false},"author":1,"featured_media":0,"parent":0,"menu_order":0,"comment_status":"closed","ping_status":"closed","template":"","meta":{"footnotes":""},"class_list":["post-616","page","type-page","status-publish"],"_links":{"self":[{"href":"http:\/\/kovacsbusz.hu\/en_en\/wp-json\/wp\/v2\/pages\/616","targetHints":{"allow":["GET"]}}],"collection":[{"href":"http:\/\/kovacsbusz.hu\/en_en\/wp-json\/wp\/v2\/pages"}],"about":[{"href":"http:\/\/kovacsbusz.hu\/en_en\/wp-json\/wp\/v2\/types\/page"}],"author":[{"embeddable":true,"href":"http:\/\/kovacsbusz.hu\/en_en\/wp-json\/wp\/v2\/users\/1"}],"replies":[{"embeddable":true,"href":"http:\/\/kovacsbusz.hu\/en_en\/wp-json\/wp\/v2\/comments?post=616"}],"version-history":[{"count":4,"href":"http:\/\/kovacsbusz.hu\/en_en\/wp-json\/wp\/v2\/pages\/616\/revisions"}],"predecessor-version":[{"id":621,"href":"http:\/\/kovacsbusz.hu\/en_en\/wp-json\/wp\/v2\/pages\/616\/revisions\/621"}],"wp:attachment":[{"href":"http:\/\/kovacsbusz.hu\/en_en\/wp-json\/wp\/v2\/media?parent=616"}],"curies":[{"name":"wp","href":"https:\/\/api.w.org\/{rel}","templated":true}]}}